{"id":909,"date":"2026-04-28T12:09:04","date_gmt":"2026-04-28T10:09:04","guid":{"rendered":"https:\/\/alk.syndicom.ch\/?page_id=909"},"modified":"2026-05-06T10:01:28","modified_gmt":"2026-05-06T08:01:28","slug":"questions-frequentes","status":"publish","type":"page","link":"https:\/\/alk.syndicom.ch\/fr\/questions-frequentes\/","title":{"rendered":"Questions fr\u00e9quentes"},"content":{"rendered":"\n<div class=\"wp-block-group alignfull has-background-color has-primary-background-color has-text-color has-background has-link-color wp-elements-4f0dc78f4c6f183877aeabad95009c33 is-layout-constrained wp-block-group-is-layout-constrained\">\n<div class=\"wp-block-group is-style-narrow is-layout-constrained wp-block-group-is-layout-constrained\">\n<h1 class=\"wp-block-heading\">Questions fr\u00e9quentes<\/h1>\n\n\n\n<div class=\"wp-block-columns is-layout-flex wp-container-core-columns-is-layout-9d6595d7 wp-block-columns-is-layout-flex\">\n<div class=\"wp-block-column is-layout-flow wp-block-column-is-layout-flow\" style=\"flex-basis:66.66%\">\n<p class=\"is-style-lead\">Vous trouverez ici les r\u00e9ponses aux questions fr\u00e9quemment pos\u00e9es.<\/p>\n<\/div>\n\n\n\n<div class=\"wp-block-column is-layout-flow wp-block-column-is-layout-flow\" style=\"flex-basis:33.33%\">\n<div class=\"wp-block-group is-vertical is-nowrap is-layout-flex wp-container-core-group-is-layout-fc43baa9 wp-block-group-is-layout-flex\">\n<p><\/p>\n<\/div>\n<\/div>\n<\/div>\n<\/div>\n<\/div>\n\n\n\n<div class=\"wp-block-group alignfull has-background-background-color has-background is-layout-constrained wp-block-group-is-layout-constrained\">\n<div class=\"wp-block-group is-style-narrow is-layout-constrained wp-block-group-is-layout-constrained\">\n<div class=\"wp-block-query alignwide is-layout-flow wp-block-query-is-layout-flow\">\n<div class=\"wp-block-group is-layout-constrained wp-block-group-is-layout-constrained\"><ul class=\"wp-block-post-template is-layout-flow wp-block-post-template-is-layout-flow\"><li class=\"wp-block-post post-563 syn_faq type-syn_faq status-publish hentry\">\n\n<div class=\"wp-block-group is-style-default is-nowrap is-layout-flex wp-container-core-group-is-layout-ad2f72ca wp-block-group-is-layout-flex\">\n<div class=\"wp-block-group is-layout-constrained wp-container-core-group-is-layout-6fdff0fd wp-block-group-is-layout-constrained\">\n<ul class=\"wp-block-list is-style-linklist\">\n<li><\/li>\n<\/ul>\n<\/div>\n\n\n\n<div class=\"wp-block-group is-vertical is-layout-flex wp-container-core-group-is-layout-8cf370e7 wp-block-group-is-layout-flex\"><h3 class=\"has-link-color wp-elements-b8c6d1099cda3b72700f668d120ccfc1 wp-block-post-title has-text-color has-primary-color\"><a href=\"https:\/\/alk.syndicom.ch\/fr\/faq\/ai-je-droit-a-lindemnite\/\" target=\"_blank\" >Ai-je droit \u00e0 l\u2019indemnit\u00e9?<\/a><\/h3><\/div>\n<\/div>\n\n\n\n<p><\/p>\n\n<\/li><li class=\"wp-block-post post-556 syn_faq type-syn_faq status-publish hentry\">\n\n<div class=\"wp-block-group is-style-default is-nowrap is-layout-flex wp-container-core-group-is-layout-ad2f72ca wp-block-group-is-layout-flex\">\n<div class=\"wp-block-group is-layout-constrained wp-container-core-group-is-layout-6fdff0fd wp-block-group-is-layout-constrained\">\n<ul class=\"wp-block-list is-style-linklist\">\n<li><\/li>\n<\/ul>\n<\/div>\n\n\n\n<div class=\"wp-block-group is-vertical is-layout-flex wp-container-core-group-is-layout-8cf370e7 wp-block-group-is-layout-flex\"><h3 class=\"has-link-color wp-elements-b8c6d1099cda3b72700f668d120ccfc1 wp-block-post-title has-text-color has-primary-color\"><a href=\"https:\/\/alk.syndicom.ch\/fr\/faq\/que-sont-les-jours-sans-controle\/\" target=\"_blank\" >Que sont les jours sans contr\u00f4le ?<\/a><\/h3><\/div>\n<\/div>\n\n\n\n<p><\/p>\n\n<\/li><li class=\"wp-block-post post-695 syn_faq type-syn_faq status-publish hentry\">\n\n<div class=\"wp-block-group is-style-default is-nowrap is-layout-flex wp-container-core-group-is-layout-ad2f72ca wp-block-group-is-layout-flex\">\n<div class=\"wp-block-group is-layout-constrained wp-container-core-group-is-layout-6fdff0fd wp-block-group-is-layout-constrained\">\n<ul class=\"wp-block-list is-style-linklist\">\n<li><\/li>\n<\/ul>\n<\/div>\n\n\n\n<div class=\"wp-block-group is-vertical is-layout-flex wp-container-core-group-is-layout-8cf370e7 wp-block-group-is-layout-flex\"><h3 class=\"has-link-color wp-elements-b8c6d1099cda3b72700f668d120ccfc1 wp-block-post-title has-text-color has-primary-color\"><a href=\"https:\/\/alk.syndicom.ch\/fr\/faq\/quelle-caisse-de-chomage-est-competente-dans-mon-cas\/\" target=\"_blank\" >Quelle caisse de ch\u00f4mage est comp\u00e9tente dans mon cas?<\/a><\/h3><\/div>\n<\/div>\n\n\n\n<p><\/p>\n\n<\/li><li class=\"wp-block-post post-670 syn_faq type-syn_faq status-publish hentry\">\n\n<div class=\"wp-block-group is-style-default is-nowrap is-layout-flex wp-container-core-group-is-layout-ad2f72ca wp-block-group-is-layout-flex\">\n<div class=\"wp-block-group is-layout-constrained wp-container-core-group-is-layout-6fdff0fd wp-block-group-is-layout-constrained\">\n<ul class=\"wp-block-list is-style-linklist\">\n<li><\/li>\n<\/ul>\n<\/div>\n\n\n\n<div class=\"wp-block-group is-vertical is-layout-flex wp-container-core-group-is-layout-8cf370e7 wp-block-group-is-layout-flex\"><h3 class=\"has-link-color wp-elements-b8c6d1099cda3b72700f668d120ccfc1 wp-block-post-title has-text-color has-primary-color\"><a href=\"https:\/\/alk.syndicom.ch\/fr\/faq\/quels-documents-sont-necessaires\/\" target=\"_blank\" >Quels documents sont n\u00e9cessaires?<\/a><\/h3><\/div>\n<\/div>\n\n\n\n<p><\/p>\n\n<\/li><li class=\"wp-block-post post-578 syn_faq type-syn_faq status-publish hentry\">\n\n<div class=\"wp-block-group is-style-default is-nowrap is-layout-flex wp-container-core-group-is-layout-ad2f72ca wp-block-group-is-layout-flex\">\n<div class=\"wp-block-group is-layout-constrained wp-container-core-group-is-layout-6fdff0fd wp-block-group-is-layout-constrained\">\n<ul class=\"wp-block-list is-style-linklist\">\n<li><\/li>\n<\/ul>\n<\/div>\n\n\n\n<div class=\"wp-block-group is-vertical is-layout-flex wp-container-core-group-is-layout-8cf370e7 wp-block-group-is-layout-flex\"><h3 class=\"has-link-color wp-elements-b8c6d1099cda3b72700f668d120ccfc1 wp-block-post-title has-text-color has-primary-color\"><a href=\"https:\/\/alk.syndicom.ch\/fr\/faq\/combien-de-temps-vais-je-recevoir-des-indemnites\/\" target=\"_blank\" >Combien de temps vais-je recevoir des indemnit\u00e9s ?<\/a><\/h3><\/div>\n<\/div>\n\n\n\n<p><\/p>\n\n<\/li><li class=\"wp-block-post post-620 syn_faq type-syn_faq status-publish hentry\">\n\n<div class=\"wp-block-group is-style-default is-nowrap is-layout-flex wp-container-core-group-is-layout-ad2f72ca wp-block-group-is-layout-flex\">\n<div class=\"wp-block-group is-layout-constrained wp-container-core-group-is-layout-6fdff0fd wp-block-group-is-layout-constrained\">\n<ul class=\"wp-block-list is-style-linklist\">\n<li><\/li>\n<\/ul>\n<\/div>\n\n\n\n<div class=\"wp-block-group is-vertical is-layout-flex wp-container-core-group-is-layout-8cf370e7 wp-block-group-is-layout-flex\"><h3 class=\"has-link-color wp-elements-b8c6d1099cda3b72700f668d120ccfc1 wp-block-post-title has-text-color has-primary-color\"><a href=\"https:\/\/alk.syndicom.ch\/fr\/faq\/comment-et-ou-dois-je-minscrire-au-chomage\/\" target=\"_blank\" >Comment et o\u00f9 dois-je m&rsquo;inscrire au ch\u00f4mage ?<\/a><\/h3><\/div>\n<\/div>\n\n\n\n<p><\/p>\n\n<\/li><li class=\"wp-block-post post-613 syn_faq type-syn_faq status-publish hentry\">\n\n<div class=\"wp-block-group is-style-default is-nowrap is-layout-flex wp-container-core-group-is-layout-ad2f72ca wp-block-group-is-layout-flex\">\n<div class=\"wp-block-group is-layout-constrained wp-container-core-group-is-layout-6fdff0fd wp-block-group-is-layout-constrained\">\n<ul class=\"wp-block-list is-style-linklist\">\n<li><\/li>\n<\/ul>\n<\/div>\n\n\n\n<div class=\"wp-block-group is-vertical is-layout-flex wp-container-core-group-is-layout-8cf370e7 wp-block-group-is-layout-flex\"><h3 class=\"has-link-color wp-elements-b8c6d1099cda3b72700f668d120ccfc1 wp-block-post-title has-text-color has-primary-color\"><a href=\"https:\/\/alk.syndicom.ch\/fr\/faq\/pourquoi-faut-il-une-caisse-de-chomage\/\" target=\"_blank\" >Pourquoi faut-il une caisse de ch\u00f4mage?<\/a><\/h3><\/div>\n<\/div>\n\n\n\n<p><\/p>\n\n<\/li><li class=\"wp-block-post post-605 syn_faq type-syn_faq status-publish hentry\">\n\n<div class=\"wp-block-group is-style-default is-nowrap is-layout-flex wp-container-core-group-is-layout-ad2f72ca wp-block-group-is-layout-flex\">\n<div class=\"wp-block-group is-layout-constrained wp-container-core-group-is-layout-6fdff0fd wp-block-group-is-layout-constrained\">\n<ul class=\"wp-block-list is-style-linklist\">\n<li><\/li>\n<\/ul>\n<\/div>\n\n\n\n<div class=\"wp-block-group is-vertical is-layout-flex wp-container-core-group-is-layout-8cf370e7 wp-block-group-is-layout-flex\"><h3 class=\"has-link-color wp-elements-b8c6d1099cda3b72700f668d120ccfc1 wp-block-post-title has-text-color has-primary-color\"><a href=\"https:\/\/alk.syndicom.ch\/fr\/faq\/que-signifie-gain-intermediaire\/\" target=\"_blank\" >Que signifie \u00ab gain interm\u00e9diaire \u00bb ?<\/a><\/h3><\/div>\n<\/div>\n\n\n\n<p><\/p>\n\n<\/li><li class=\"wp-block-post post-520 syn_faq type-syn_faq status-publish hentry\">\n\n<div class=\"wp-block-group is-style-default is-nowrap is-layout-flex wp-container-core-group-is-layout-ad2f72ca wp-block-group-is-layout-flex\">\n<div class=\"wp-block-group is-layout-constrained wp-container-core-group-is-layout-6fdff0fd wp-block-group-is-layout-constrained\">\n<ul class=\"wp-block-list is-style-linklist\">\n<li><\/li>\n<\/ul>\n<\/div>\n\n\n\n<div class=\"wp-block-group is-vertical is-layout-flex wp-container-core-group-is-layout-8cf370e7 wp-block-group-is-layout-flex\"><h3 class=\"has-link-color wp-elements-b8c6d1099cda3b72700f668d120ccfc1 wp-block-post-title has-text-color has-primary-color\"><a href=\"https:\/\/alk.syndicom.ch\/fr\/faq\/que-sont-les-delais-dattente\/\" target=\"_blank\" >Que sont les d\u00e9lais d&rsquo;attente ?<\/a><\/h3><\/div>\n<\/div>\n\n\n\n<p><\/p>\n\n<\/li><li class=\"wp-block-post post-1319 syn_faq type-syn_faq status-publish hentry\">\n\n<div class=\"wp-block-group is-style-default is-nowrap is-layout-flex wp-container-core-group-is-layout-ad2f72ca wp-block-group-is-layout-flex\">\n<div class=\"wp-block-group is-layout-constrained wp-container-core-group-is-layout-6fdff0fd wp-block-group-is-layout-constrained\">\n<ul class=\"wp-block-list is-style-linklist\">\n<li><\/li>\n<\/ul>\n<\/div>\n\n\n\n<div class=\"wp-block-group is-vertical is-layout-flex wp-container-core-group-is-layout-8cf370e7 wp-block-group-is-layout-flex\"><h3 class=\"has-link-color wp-elements-b8c6d1099cda3b72700f668d120ccfc1 wp-block-post-title has-text-color has-primary-color\"><a href=\"https:\/\/alk.syndicom.ch\/fr\/faq\/quentend-on-par-jours-de-suspension\/\" target=\"_blank\" >Qu\u2019entend-on par \u00ab\u00a0jours de suspension\u00a0\u00bb\u00a0?<\/a><\/h3><\/div>\n<\/div>\n\n\n\n<p><\/p>\n\n<\/li><li class=\"wp-block-post post-499 syn_faq type-syn_faq status-publish hentry\">\n\n<div class=\"wp-block-group is-style-default is-nowrap is-layout-flex wp-container-core-group-is-layout-ad2f72ca wp-block-group-is-layout-flex\">\n<div class=\"wp-block-group is-layout-constrained wp-container-core-group-is-layout-6fdff0fd wp-block-group-is-layout-constrained\">\n<ul class=\"wp-block-list is-style-linklist\">\n<li><\/li>\n<\/ul>\n<\/div>\n\n\n\n<div class=\"wp-block-group is-vertical is-layout-flex wp-container-core-group-is-layout-8cf370e7 wp-block-group-is-layout-flex\"><h3 class=\"has-link-color wp-elements-b8c6d1099cda3b72700f668d120ccfc1 wp-block-post-title has-text-color has-primary-color\"><a href=\"https:\/\/alk.syndicom.ch\/fr\/faq\/maternite\/\" target=\"_blank\" >Maternit\u00e9 pendant le ch\u00f4mage<\/a><\/h3><\/div>\n<\/div>\n\n\n\n<p><\/p>\n\n<\/li><li class=\"wp-block-post post-549 syn_faq type-syn_faq status-publish hentry\">\n\n<div class=\"wp-block-group is-style-default is-nowrap is-layout-flex wp-container-core-group-is-layout-ad2f72ca wp-block-group-is-layout-flex\">\n<div class=\"wp-block-group is-layout-constrained wp-container-core-group-is-layout-6fdff0fd wp-block-group-is-layout-constrained\">\n<ul class=\"wp-block-list is-style-linklist\">\n<li><\/li>\n<\/ul>\n<\/div>\n\n\n\n<div class=\"wp-block-group is-vertical is-layout-flex wp-container-core-group-is-layout-8cf370e7 wp-block-group-is-layout-flex\"><h3 class=\"has-link-color wp-elements-b8c6d1099cda3b72700f668d120ccfc1 wp-block-post-title has-text-color has-primary-color\"><a href=\"https:\/\/alk.syndicom.ch\/fr\/faq\/combien-vais-je-percevoir-dindemnites-de-chomage\/\" target=\"_blank\" >Combien vais-je percevoir d&rsquo;indemnit\u00e9s de ch\u00f4mage ?<\/a><\/h3><\/div>\n<\/div>\n\n\n\n<p><\/p>\n\n<\/li><li class=\"wp-block-post post-490 syn_faq type-syn_faq status-publish hentry\">\n\n<div class=\"wp-block-group is-style-default is-nowrap is-layout-flex wp-container-core-group-is-layout-ad2f72ca wp-block-group-is-layout-flex\">\n<div class=\"wp-block-group is-layout-constrained wp-container-core-group-is-layout-6fdff0fd wp-block-group-is-layout-constrained\">\n<ul class=\"wp-block-list is-style-linklist\">\n<li><\/li>\n<\/ul>\n<\/div>\n\n\n\n<div class=\"wp-block-group is-vertical is-layout-flex wp-container-core-group-is-layout-8cf370e7 wp-block-group-is-layout-flex\"><h3 class=\"has-link-color wp-elements-b8c6d1099cda3b72700f668d120ccfc1 wp-block-post-title has-text-color has-primary-color\"><a href=\"https:\/\/alk.syndicom.ch\/fr\/faq\/maladie-et-accident\/\" target=\"_blank\" >Maladie et accident pendant le ch\u00f4mage<\/a><\/h3><\/div>\n<\/div>\n\n\n\n<p><\/p>\n\n<\/li><\/ul><\/div>\n\n\n<\/div>\n\n\n\n<p><\/p>\n<\/div>\n<\/div>\n","protected":false},"excerpt":{"rendered":"<p>Vous avez des questions sur la caisse d&rsquo;assurance ch\u00f4mage ? Vous trouverez ici les r\u00e9ponses aux questions les plus fr\u00e9quentes.<\/p>\n","protected":false},"author":3,"featured_media":0,"parent":0,"menu_order":0,"comment_status":"closed","ping_status":"closed","template":"","meta":{"_acf_changed":false,"inline_featured_image":false,"_coblocks_attr":"","_coblocks_dimensions":"","_coblocks_responsive_height":"","_coblocks_accordion_ie_support":"","footnotes":""},"categories":[],"class_list":["post-909","page","type-page","status-publish","hentry"],"acf":[],"yoast_head":"<!-- This site is optimized with the Yoast SEO plugin v27.5 - https:\/\/yoast.com\/product\/yoast-seo-wordpress\/ -->\n<title>Questions fr\u00e9quentes - Caisse de ch\u00f4mage syndicom<\/title>\n<meta name=\"description\" content=\"Vous avez des questions sur la caisse d&#039;assurance ch\u00f4mage ? Vous trouverez ici les r\u00e9ponses aux questions les plus fr\u00e9quentes.\" \/>\n<meta name=\"robots\" content=\"index, follow, max-snippet:-1, max-image-preview:large, max-video-preview:-1\" \/>\n<link rel=\"canonical\" href=\"https:\/\/alk.syndicom.ch\/fr\/questions-frequentes\/\" \/>\n<meta property=\"og:locale\" content=\"fr_FR\" \/>\n<meta property=\"og:type\" content=\"article\" \/>\n<meta property=\"og:title\" content=\"Questions fr\u00e9quentes - Caisse de ch\u00f4mage syndicom\" \/>\n<meta property=\"og:description\" content=\"Vous avez des questions sur la caisse d&#039;assurance ch\u00f4mage ? Vous trouverez ici les r\u00e9ponses aux questions les plus fr\u00e9quentes.\" \/>\n<meta property=\"og:url\" content=\"https:\/\/alk.syndicom.ch\/fr\/questions-frequentes\/\" \/>\n<meta property=\"og:site_name\" content=\"Caisse de ch\u00f4mage syndicom\" \/>\n<meta property=\"article:modified_time\" content=\"2026-05-06T08:01:28+00:00\" \/>\n<meta property=\"og:image\" content=\"https:\/\/alk.syndicom.ch\/app\/uploads\/sites\/2\/2026\/05\/cropped-favicon-syndicom.png\" \/>\n\t<meta property=\"og:image:width\" content=\"512\" \/>\n\t<meta property=\"og:image:height\" content=\"512\" \/>\n\t<meta property=\"og:image:type\" content=\"image\/png\" \/>\n<meta name=\"twitter:card\" content=\"summary_large_image\" \/>\n<meta name=\"twitter:label1\" content=\"Dur\u00e9e de lecture estim\u00e9e\" \/>\n\t<meta name=\"twitter:data1\" content=\"1 minute\" \/>\n<script type=\"application\/ld+json\" class=\"yoast-schema-graph\">{\"@context\":\"https:\\\/\\\/schema.org\",\"@graph\":[{\"@type\":\"WebPage\",\"@id\":\"https:\\\/\\\/alk.syndicom.ch\\\/fr\\\/questions-frequentes\\\/\",\"url\":\"https:\\\/\\\/alk.syndicom.ch\\\/fr\\\/questions-frequentes\\\/\",\"name\":\"Questions fr\u00e9quentes - Caisse de ch\u00f4mage syndicom\",\"isPartOf\":{\"@id\":\"https:\\\/\\\/alk.syndicom.ch\\\/fr\\\/#website\"},\"datePublished\":\"2026-04-28T10:09:04+00:00\",\"dateModified\":\"2026-05-06T08:01:28+00:00\",\"description\":\"Vous avez des questions sur la caisse d'assurance ch\u00f4mage ? Vous trouverez ici les r\u00e9ponses aux questions les plus fr\u00e9quentes.\",\"breadcrumb\":{\"@id\":\"https:\\\/\\\/alk.syndicom.ch\\\/fr\\\/questions-frequentes\\\/#breadcrumb\"},\"inLanguage\":\"fr-FR\",\"potentialAction\":[{\"@type\":\"ReadAction\",\"target\":[\"https:\\\/\\\/alk.syndicom.ch\\\/fr\\\/questions-frequentes\\\/\"]}]},{\"@type\":\"BreadcrumbList\",\"@id\":\"https:\\\/\\\/alk.syndicom.ch\\\/fr\\\/questions-frequentes\\\/#breadcrumb\",\"itemListElement\":[{\"@type\":\"ListItem\",\"position\":1,\"name\":\"Startseite\",\"item\":\"https:\\\/\\\/alk.syndicom.ch\\\/fr\\\/\"},{\"@type\":\"ListItem\",\"position\":2,\"name\":\"Questions fr\u00e9quentes\"}]},{\"@type\":\"WebSite\",\"@id\":\"https:\\\/\\\/alk.syndicom.ch\\\/fr\\\/#website\",\"url\":\"https:\\\/\\\/alk.syndicom.ch\\\/fr\\\/\",\"name\":\"Arbeitslosenkasse syndicom\",\"description\":\"\",\"publisher\":{\"@id\":\"https:\\\/\\\/alk.syndicom.ch\\\/fr\\\/#organization\"},\"potentialAction\":[{\"@type\":\"SearchAction\",\"target\":{\"@type\":\"EntryPoint\",\"urlTemplate\":\"https:\\\/\\\/alk.syndicom.ch\\\/fr\\\/?s={search_term_string}\"},\"query-input\":{\"@type\":\"PropertyValueSpecification\",\"valueRequired\":true,\"valueName\":\"search_term_string\"}}],\"inLanguage\":\"fr-FR\"},{\"@type\":\"Organization\",\"@id\":\"https:\\\/\\\/alk.syndicom.ch\\\/fr\\\/#organization\",\"name\":\"Arbeitslosenkasse syndicom\",\"url\":\"https:\\\/\\\/alk.syndicom.ch\\\/fr\\\/\",\"logo\":{\"@type\":\"ImageObject\",\"inLanguage\":\"fr-FR\",\"@id\":\"https:\\\/\\\/alk.syndicom.ch\\\/fr\\\/#\\\/schema\\\/logo\\\/image\\\/\",\"url\":\"https:\\\/\\\/alk.syndicom.ch\\\/app\\\/uploads\\\/sites\\\/2\\\/2026\\\/04\\\/arbeitslosenkasse-logo-scaled.png\",\"contentUrl\":\"https:\\\/\\\/alk.syndicom.ch\\\/app\\\/uploads\\\/sites\\\/2\\\/2026\\\/04\\\/arbeitslosenkasse-logo-scaled.png\",\"width\":2560,\"height\":734,\"caption\":\"Arbeitslosenkasse syndicom\"},\"image\":{\"@id\":\"https:\\\/\\\/alk.syndicom.ch\\\/fr\\\/#\\\/schema\\\/logo\\\/image\\\/\"}}]}<\/script>\n<!-- \/ Yoast SEO plugin. -->","yoast_head_json":{"title":"Questions fr\u00e9quentes - Caisse de ch\u00f4mage syndicom","description":"Vous avez des questions sur la caisse d'assurance ch\u00f4mage ? Vous trouverez ici les r\u00e9ponses aux questions les plus fr\u00e9quentes.","robots":{"index":"index","follow":"follow","max-snippet":"max-snippet:-1","max-image-preview":"max-image-preview:large","max-video-preview":"max-video-preview:-1"},"canonical":"https:\/\/alk.syndicom.ch\/fr\/questions-frequentes\/","og_locale":"fr_FR","og_type":"article","og_title":"Questions fr\u00e9quentes - Caisse de ch\u00f4mage syndicom","og_description":"Vous avez des questions sur la caisse d'assurance ch\u00f4mage ? Vous trouverez ici les r\u00e9ponses aux questions les plus fr\u00e9quentes.","og_url":"https:\/\/alk.syndicom.ch\/fr\/questions-frequentes\/","og_site_name":"Caisse de ch\u00f4mage syndicom","article_modified_time":"2026-05-06T08:01:28+00:00","og_image":[{"width":512,"height":512,"url":"https:\/\/alk.syndicom.ch\/app\/uploads\/sites\/2\/2026\/05\/cropped-favicon-syndicom.png","type":"image\/png"}],"twitter_card":"summary_large_image","twitter_misc":{"Dur\u00e9e de lecture estim\u00e9e":"1 minute"},"schema":{"@context":"https:\/\/schema.org","@graph":[{"@type":"WebPage","@id":"https:\/\/alk.syndicom.ch\/fr\/questions-frequentes\/","url":"https:\/\/alk.syndicom.ch\/fr\/questions-frequentes\/","name":"Questions fr\u00e9quentes - Caisse de ch\u00f4mage syndicom","isPartOf":{"@id":"https:\/\/alk.syndicom.ch\/fr\/#website"},"datePublished":"2026-04-28T10:09:04+00:00","dateModified":"2026-05-06T08:01:28+00:00","description":"Vous avez des questions sur la caisse d'assurance ch\u00f4mage ? Vous trouverez ici les r\u00e9ponses aux questions les plus fr\u00e9quentes.","breadcrumb":{"@id":"https:\/\/alk.syndicom.ch\/fr\/questions-frequentes\/#breadcrumb"},"inLanguage":"fr-FR","potentialAction":[{"@type":"ReadAction","target":["https:\/\/alk.syndicom.ch\/fr\/questions-frequentes\/"]}]},{"@type":"BreadcrumbList","@id":"https:\/\/alk.syndicom.ch\/fr\/questions-frequentes\/#breadcrumb","itemListElement":[{"@type":"ListItem","position":1,"name":"Startseite","item":"https:\/\/alk.syndicom.ch\/fr\/"},{"@type":"ListItem","position":2,"name":"Questions fr\u00e9quentes"}]},{"@type":"WebSite","@id":"https:\/\/alk.syndicom.ch\/fr\/#website","url":"https:\/\/alk.syndicom.ch\/fr\/","name":"Arbeitslosenkasse syndicom","description":"","publisher":{"@id":"https:\/\/alk.syndicom.ch\/fr\/#organization"},"potentialAction":[{"@type":"SearchAction","target":{"@type":"EntryPoint","urlTemplate":"https:\/\/alk.syndicom.ch\/fr\/?s={search_term_string}"},"query-input":{"@type":"PropertyValueSpecification","valueRequired":true,"valueName":"search_term_string"}}],"inLanguage":"fr-FR"},{"@type":"Organization","@id":"https:\/\/alk.syndicom.ch\/fr\/#organization","name":"Arbeitslosenkasse syndicom","url":"https:\/\/alk.syndicom.ch\/fr\/","logo":{"@type":"ImageObject","inLanguage":"fr-FR","@id":"https:\/\/alk.syndicom.ch\/fr\/#\/schema\/logo\/image\/","url":"https:\/\/alk.syndicom.ch\/app\/uploads\/sites\/2\/2026\/04\/arbeitslosenkasse-logo-scaled.png","contentUrl":"https:\/\/alk.syndicom.ch\/app\/uploads\/sites\/2\/2026\/04\/arbeitslosenkasse-logo-scaled.png","width":2560,"height":734,"caption":"Arbeitslosenkasse syndicom"},"image":{"@id":"https:\/\/alk.syndicom.ch\/fr\/#\/schema\/logo\/image\/"}}]}},"_links":{"self":[{"href":"https:\/\/alk.syndicom.ch\/fr\/wp-json\/wp\/v2\/pages\/909","targetHints":{"allow":["GET"]}}],"collection":[{"href":"https:\/\/alk.syndicom.ch\/fr\/wp-json\/wp\/v2\/pages"}],"about":[{"href":"https:\/\/alk.syndicom.ch\/fr\/wp-json\/wp\/v2\/types\/page"}],"author":[{"embeddable":true,"href":"https:\/\/alk.syndicom.ch\/fr\/wp-json\/wp\/v2\/users\/3"}],"replies":[{"embeddable":true,"href":"https:\/\/alk.syndicom.ch\/fr\/wp-json\/wp\/v2\/comments?post=909"}],"version-history":[{"count":5,"href":"https:\/\/alk.syndicom.ch\/fr\/wp-json\/wp\/v2\/pages\/909\/revisions"}],"predecessor-version":[{"id":1255,"href":"https:\/\/alk.syndicom.ch\/fr\/wp-json\/wp\/v2\/pages\/909\/revisions\/1255"}],"wp:attachment":[{"href":"https:\/\/alk.syndicom.ch\/fr\/wp-json\/wp\/v2\/media?parent=909"}],"wp:term":[{"taxonomy":"category","embeddable":true,"href":"https:\/\/alk.syndicom.ch\/fr\/wp-json\/wp\/v2\/categories?post=909"}],"curies":[{"name":"wp","href":"https:\/\/api.w.org\/{rel}","templated":true}]}}