{"id":299,"date":"2026-04-22T15:08:08","date_gmt":"2026-04-22T13:08:08","guid":{"rendered":"https:\/\/alk.syndicom.ch\/?page_id=299"},"modified":"2026-04-22T15:08:09","modified_gmt":"2026-04-22T13:08:09","slug":"contatto","status":"publish","type":"page","link":"https:\/\/alk.syndicom.ch\/contatto\/","title":{"rendered":"Contatto"},"content":{"rendered":"\n<div class=\"wp-block-group alignfull is-layout-constrained wp-block-group-is-layout-constrained\">\n<div class=\"wp-block-group alignfull has-background-color has-primary-background-color has-text-color has-background has-link-color wp-elements-dcaab45802f0f87d71fe12f2808f4510 is-layout-constrained wp-block-group-is-layout-constrained\">\n<div class=\"wp-block-group is-style-narrow is-layout-constrained wp-block-group-is-layout-constrained\">\n<h1 class=\"wp-block-heading\">Contatto<\/h1>\n\n\n\n<div class=\"wp-block-columns is-layout-flex wp-container-core-columns-is-layout-9d6595d7 wp-block-columns-is-layout-flex\">\n<div class=\"wp-block-column is-layout-flow wp-block-column-is-layout-flow\" style=\"flex-basis:66.66%\">\n<p class=\"is-style-lead\">Benvenuti! Siamo felici di potervi aiutare\u00a0e di occuparci del vostro caso.<\/p>\n<\/div>\n\n\n\n<div class=\"wp-block-column is-layout-flow wp-block-column-is-layout-flow\" style=\"flex-basis:33.33%\">\n<div class=\"wp-block-group is-vertical is-nowrap is-layout-flex wp-container-core-group-is-layout-fc43baa9 wp-block-group-is-layout-flex\">\n<p><\/p>\n<\/div>\n<\/div>\n<\/div>\n<\/div>\n<\/div>\n<\/div>\n\n\n\n<div class=\"wp-block-group alignfull has-background-background-color has-background is-layout-constrained wp-block-group-is-layout-constrained\">\n<div class=\"wp-block-group is-style-narrow is-layout-constrained wp-block-group-is-layout-constrained\">\n<div class=\"wp-block-columns has-tertiary-background-color has-background is-layout-flex wp-container-core-columns-is-layout-9d6595d7 wp-block-columns-is-layout-flex\">\n<div class=\"wp-block-column is-layout-flow wp-block-column-is-layout-flow\">\n<p>Il modo pi\u00f9 semplice e veloce per ricevere l&#8217;indennit\u00e0 di disoccupazione \u00e8 compilare il modulo \u00abIndicazioni della persona assicurata\u00bb e inviare la documentazione mensile online all&#8217;indirizzo <a href=\"https:\/\/www.job-room.ch\/home\/job-seeker\" target=\"_blank\" rel=\"noreferrer noopener\">www.job-room.ch<\/a>.<\/p>\n<\/div>\n<\/div>\n\n\n\n<p><\/p>\n\n\n\n<h2 class=\"wp-block-heading\">Sede centrale cassa disoccupazione syndicom<\/h2>\n\n\n\n<p class=\"is-style-default\">La preghiamo di inviarci sempre per posta prioritaria A i documenti e formulari alla sede centrale:<\/p>\n\n\n\n<p class=\"is-style-default\"><strong>Cassa disoccupazione syndicom<br>Monbijoustrasse 31<br>3011 Berna<\/strong><\/p>\n\n\n\n<p><strong><strong>Telefono<\/strong>:<\/strong> <a href=\"tel:+41 31 390 66 33\">+41 31 390 66 33<\/a> (luned\u00ec, gioved\u00ec e venerd\u00ec dalle 9.00 alle 11.30)<\/p>\n\n\n\n<p><strong>Fax:<\/strong> <a href=\"tel:+ 41 31 390 66 93\">+ 41 31 390 66 93<\/a><\/p>\n\n\n\n<p><strong>E-Mail:\u00a0<\/strong><a href=\"javascript:linkTo_UnCryptMailto('wksvdy4kblosdcvycoxukccoJcixnsmyw8mr');\"><\/a><a href=\"mailto:cassa.disoccupazion@esyndicom.ch\" type=\"mailto\" id=\"mailto:cassa.disoccupazion@esyndicom.ch\">cassa.disoccupazion@esyndicom.ch<\/a><\/p>\n\n\n\n<p><sup>Non mandi mai un documento per mail! Noi vogliamo proteggere i Suoi dati \u2013 lo faccia anche lei.<\/sup><\/p>\n\n\n\n<p><\/p>\n\n\n\n<h2 class=\"wp-block-heading\"><strong>Date degli sportelli nella vostra regione<\/strong><\/h2>\n\n\n\n<h3 class=\"wp-block-heading\"><strong>Lugano<\/strong><\/h3>\n\n\n\n<p><strong><strong>Indirizzo<\/strong>:<\/strong> Via Genzana 2, 6900 Massagno<br><strong><strong>Sportello aperto<\/strong>:<\/strong> gioved\u00ec dalle 13.30 alle 16.00<\/p>\n\n\n\n<hr class=\"wp-block-separator has-alpha-channel-opacity is-style-wide\"\/>\n<\/div>\n<\/div>\n","protected":false},"excerpt":{"rendered":"<p>Benvenuti! Siamo felici di potervi aiutare\u00a0e di occuparci del vostro caso.<\/p>\n","protected":false},"author":3,"featured_media":0,"parent":0,"menu_order":0,"comment_status":"closed","ping_status":"closed","template":"","meta":{"_acf_changed":false,"inline_featured_image":false,"_coblocks_attr":"","_coblocks_dimensions":"","_coblocks_responsive_height":"","_coblocks_accordion_ie_support":"","footnotes":""},"categories":[],"class_list":["post-299","page","type-page","status-publish","hentry"],"acf":[],"yoast_head":"<!-- This site is optimized with the Yoast SEO plugin v27.3 - https:\/\/yoast.com\/product\/yoast-seo-wordpress\/ -->\n<title>Contatto - ALK Syndicom<\/title>\n<meta name=\"description\" content=\"Benvenuti! Saremo lieti di assistervi e di occuparci tempestivamente della vostra richiesta.\" \/>\n<meta name=\"robots\" content=\"index, follow, max-snippet:-1, max-image-preview:large, max-video-preview:-1\" \/>\n<link rel=\"canonical\" href=\"https:\/\/alk.syndicom.ch\/de\/contatto\/\" \/>\n<meta property=\"og:locale\" content=\"de_DE\" \/>\n<meta property=\"og:type\" content=\"article\" \/>\n<meta property=\"og:title\" content=\"Contatto - ALK Syndicom\" \/>\n<meta property=\"og:description\" content=\"Benvenuti! Saremo lieti di assistervi e di occuparci tempestivamente della vostra richiesta.\" \/>\n<meta property=\"og:url\" content=\"https:\/\/alk.syndicom.ch\/contatto\/\" \/>\n<meta property=\"og:site_name\" content=\"ALK Syndicom\" \/>\n<meta property=\"article:modified_time\" content=\"2026-04-22T13:08:09+00:00\" \/>\n<meta name=\"twitter:card\" content=\"summary_large_image\" \/>\n<meta name=\"twitter:label1\" content=\"Gesch\u00e4tzte Lesezeit\" \/>\n\t<meta name=\"twitter:data1\" content=\"1\u00a0Minute\" \/>\n<script type=\"application\/ld+json\" class=\"yoast-schema-graph\">{\"@context\":\"https:\\\/\\\/schema.org\",\"@graph\":[{\"@type\":\"WebPage\",\"@id\":\"https:\\\/\\\/alk.syndicom.ch\\\/contatto\\\/\",\"url\":\"https:\\\/\\\/alk.syndicom.ch\\\/contatto\\\/\",\"name\":\"Contatto - ALK Syndicom\",\"isPartOf\":{\"@id\":\"https:\\\/\\\/alk.syndicom.ch\\\/de\\\/#website\"},\"datePublished\":\"2026-04-22T13:08:08+00:00\",\"dateModified\":\"2026-04-22T13:08:09+00:00\",\"description\":\"Benvenuti! Saremo lieti di assistervi e di occuparci tempestivamente della vostra richiesta.\",\"breadcrumb\":{\"@id\":\"https:\\\/\\\/alk.syndicom.ch\\\/contatto\\\/#breadcrumb\"},\"inLanguage\":\"de\",\"potentialAction\":[{\"@type\":\"ReadAction\",\"target\":[\"https:\\\/\\\/alk.syndicom.ch\\\/contatto\\\/\"]}]},{\"@type\":\"BreadcrumbList\",\"@id\":\"https:\\\/\\\/alk.syndicom.ch\\\/contatto\\\/#breadcrumb\",\"itemListElement\":[{\"@type\":\"ListItem\",\"position\":1,\"name\":\"Startseite\",\"item\":\"https:\\\/\\\/alk.syndicom.ch\\\/\"},{\"@type\":\"ListItem\",\"position\":2,\"name\":\"Contatto\"}]},{\"@type\":\"WebSite\",\"@id\":\"https:\\\/\\\/alk.syndicom.ch\\\/de\\\/#website\",\"url\":\"https:\\\/\\\/alk.syndicom.ch\\\/de\\\/\",\"name\":\"ALK Syndicom\",\"description\":\"\",\"publisher\":{\"@id\":\"https:\\\/\\\/alk.syndicom.ch\\\/de\\\/#organization\"},\"potentialAction\":[{\"@type\":\"SearchAction\",\"target\":{\"@type\":\"EntryPoint\",\"urlTemplate\":\"https:\\\/\\\/alk.syndicom.ch\\\/de\\\/?s={search_term_string}\"},\"query-input\":{\"@type\":\"PropertyValueSpecification\",\"valueRequired\":true,\"valueName\":\"search_term_string\"}}],\"inLanguage\":\"de\"},{\"@type\":\"Organization\",\"@id\":\"https:\\\/\\\/alk.syndicom.ch\\\/de\\\/#organization\",\"name\":\"ALK Syndicom\",\"url\":\"https:\\\/\\\/alk.syndicom.ch\\\/de\\\/\",\"logo\":{\"@type\":\"ImageObject\",\"inLanguage\":\"de\",\"@id\":\"https:\\\/\\\/alk.syndicom.ch\\\/de\\\/#\\\/schema\\\/logo\\\/image\\\/\",\"url\":\"https:\\\/\\\/alk.syndicom.ch\\\/app\\\/uploads\\\/sites\\\/2\\\/2026\\\/04\\\/logo.svg\",\"contentUrl\":\"https:\\\/\\\/alk.syndicom.ch\\\/app\\\/uploads\\\/sites\\\/2\\\/2026\\\/04\\\/logo.svg\",\"width\":297,\"height\":51,\"caption\":\"ALK Syndicom\"},\"image\":{\"@id\":\"https:\\\/\\\/alk.syndicom.ch\\\/de\\\/#\\\/schema\\\/logo\\\/image\\\/\"}}]}<\/script>\n<!-- \/ Yoast SEO plugin. -->","yoast_head_json":{"title":"Contatto - ALK Syndicom","description":"Benvenuti! Saremo lieti di assistervi e di occuparci tempestivamente della vostra richiesta.","robots":{"index":"index","follow":"follow","max-snippet":"max-snippet:-1","max-image-preview":"max-image-preview:large","max-video-preview":"max-video-preview:-1"},"canonical":"https:\/\/alk.syndicom.ch\/de\/contatto\/","og_locale":"de_DE","og_type":"article","og_title":"Contatto - ALK Syndicom","og_description":"Benvenuti! Saremo lieti di assistervi e di occuparci tempestivamente della vostra richiesta.","og_url":"https:\/\/alk.syndicom.ch\/contatto\/","og_site_name":"ALK Syndicom","article_modified_time":"2026-04-22T13:08:09+00:00","twitter_card":"summary_large_image","twitter_misc":{"Gesch\u00e4tzte Lesezeit":"1\u00a0Minute"},"schema":{"@context":"https:\/\/schema.org","@graph":[{"@type":"WebPage","@id":"https:\/\/alk.syndicom.ch\/contatto\/","url":"https:\/\/alk.syndicom.ch\/contatto\/","name":"Contatto - ALK Syndicom","isPartOf":{"@id":"https:\/\/alk.syndicom.ch\/de\/#website"},"datePublished":"2026-04-22T13:08:08+00:00","dateModified":"2026-04-22T13:08:09+00:00","description":"Benvenuti! Saremo lieti di assistervi e di occuparci tempestivamente della vostra richiesta.","breadcrumb":{"@id":"https:\/\/alk.syndicom.ch\/contatto\/#breadcrumb"},"inLanguage":"de","potentialAction":[{"@type":"ReadAction","target":["https:\/\/alk.syndicom.ch\/contatto\/"]}]},{"@type":"BreadcrumbList","@id":"https:\/\/alk.syndicom.ch\/contatto\/#breadcrumb","itemListElement":[{"@type":"ListItem","position":1,"name":"Startseite","item":"https:\/\/alk.syndicom.ch\/"},{"@type":"ListItem","position":2,"name":"Contatto"}]},{"@type":"WebSite","@id":"https:\/\/alk.syndicom.ch\/de\/#website","url":"https:\/\/alk.syndicom.ch\/de\/","name":"ALK Syndicom","description":"","publisher":{"@id":"https:\/\/alk.syndicom.ch\/de\/#organization"},"potentialAction":[{"@type":"SearchAction","target":{"@type":"EntryPoint","urlTemplate":"https:\/\/alk.syndicom.ch\/de\/?s={search_term_string}"},"query-input":{"@type":"PropertyValueSpecification","valueRequired":true,"valueName":"search_term_string"}}],"inLanguage":"de"},{"@type":"Organization","@id":"https:\/\/alk.syndicom.ch\/de\/#organization","name":"ALK Syndicom","url":"https:\/\/alk.syndicom.ch\/de\/","logo":{"@type":"ImageObject","inLanguage":"de","@id":"https:\/\/alk.syndicom.ch\/de\/#\/schema\/logo\/image\/","url":"https:\/\/alk.syndicom.ch\/app\/uploads\/sites\/2\/2026\/04\/logo.svg","contentUrl":"https:\/\/alk.syndicom.ch\/app\/uploads\/sites\/2\/2026\/04\/logo.svg","width":297,"height":51,"caption":"ALK Syndicom"},"image":{"@id":"https:\/\/alk.syndicom.ch\/de\/#\/schema\/logo\/image\/"}}]}},"_links":{"self":[{"href":"https:\/\/alk.syndicom.ch\/de\/wp-json\/wp\/v2\/pages\/299","targetHints":{"allow":["GET"]}}],"collection":[{"href":"https:\/\/alk.syndicom.ch\/de\/wp-json\/wp\/v2\/pages"}],"about":[{"href":"https:\/\/alk.syndicom.ch\/de\/wp-json\/wp\/v2\/types\/page"}],"author":[{"embeddable":true,"href":"https:\/\/alk.syndicom.ch\/de\/wp-json\/wp\/v2\/users\/3"}],"replies":[{"embeddable":true,"href":"https:\/\/alk.syndicom.ch\/de\/wp-json\/wp\/v2\/comments?post=299"}],"version-history":[{"count":6,"href":"https:\/\/alk.syndicom.ch\/de\/wp-json\/wp\/v2\/pages\/299\/revisions"}],"predecessor-version":[{"id":305,"href":"https:\/\/alk.syndicom.ch\/de\/wp-json\/wp\/v2\/pages\/299\/revisions\/305"}],"wp:attachment":[{"href":"https:\/\/alk.syndicom.ch\/de\/wp-json\/wp\/v2\/media?parent=299"}],"wp:term":[{"taxonomy":"category","embeddable":true,"href":"https:\/\/alk.syndicom.ch\/de\/wp-json\/wp\/v2\/categories?post=299"}],"curies":[{"name":"wp","href":"https:\/\/api.w.org\/{rel}","templated":true}]}}