{"id":257,"date":"2026-04-22T14:21:56","date_gmt":"2026-04-22T12:21:56","guid":{"rendered":"https:\/\/alk.syndicom.ch\/?page_id=257"},"modified":"2026-04-22T15:10:52","modified_gmt":"2026-04-22T13:10:52","slug":"contact","status":"publish","type":"page","link":"https:\/\/alk.syndicom.ch\/contact\/","title":{"rendered":"Contact"},"content":{"rendered":"\n<div class=\"wp-block-group alignfull is-layout-constrained wp-block-group-is-layout-constrained\">\n<div class=\"wp-block-group alignfull has-background-color has-primary-background-color has-text-color has-background has-link-color wp-elements-c7eb6e3dd3ed6e6f7c18f04ca1895278 is-layout-constrained wp-block-group-is-layout-constrained\">\n<div class=\"wp-block-group is-style-narrow is-layout-constrained wp-block-group-is-layout-constrained\">\n<h1 class=\"wp-block-heading\">Contact<\/h1>\n\n\n\n<div class=\"wp-block-columns is-layout-flex wp-container-core-columns-is-layout-9d6595d7 wp-block-columns-is-layout-flex\">\n<div class=\"wp-block-column is-layout-flow wp-block-column-is-layout-flow\" style=\"flex-basis:66.66%\">\n<p class=\"is-style-lead\">La caisse de ch\u00f4mage syndicom vous soutient avec plaisir et s&#8217;occupera volontiers et rapidement de vos demandes.<\/p>\n<\/div>\n\n\n\n<div class=\"wp-block-column is-layout-flow wp-block-column-is-layout-flow\" style=\"flex-basis:33.33%\">\n<div class=\"wp-block-group is-vertical is-nowrap is-layout-flex wp-container-core-group-is-layout-fc43baa9 wp-block-group-is-layout-flex\">\n<p><\/p>\n<\/div>\n<\/div>\n<\/div>\n<\/div>\n<\/div>\n<\/div>\n\n\n\n<div class=\"wp-block-group alignfull has-background-background-color has-background is-layout-constrained wp-block-group-is-layout-constrained\">\n<div class=\"wp-block-group is-style-narrow is-layout-constrained wp-block-group-is-layout-constrained\">\n<div class=\"wp-block-columns has-tertiary-background-color has-background is-layout-flex wp-container-core-columns-is-layout-9d6595d7 wp-block-columns-is-layout-flex\">\n<div class=\"wp-block-column is-layout-flow wp-block-column-is-layout-flow\">\n<p>Le moyen le plus simple et le plus rapide d&#8217;obtenir vos indemnit\u00e9s de ch\u00f4mage consiste \u00e0 remplir le formulaire \u00abIndications de la personne assur\u00e9e\u00bb et \u00e0 transmettre vos documents mensuels en ligne \u00e0 l&#8217;adresse <a href=\"https:\/\/www.job-room.ch\/home\/job-seeker\" target=\"_blank\" rel=\"noreferrer noopener nofollow\"><u>www.job-room.ch<\/u><\/a>.<\/p>\n<\/div>\n<\/div>\n\n\n\n<p><\/p>\n\n\n\n<h2 class=\"wp-block-heading\">Centrale Caisse de ch\u00f4mage syndicom<\/h2>\n\n\n\n<p class=\"is-style-default\">Nous vous remercions de nous envoyer en courrier A les documents et les formulaires n\u00e9cessaires \u00e0 notre centrale.<\/p>\n\n\n\n<p class=\"is-style-default\"><strong>Caisse de ch\u00f4mage syndicom<br>Monbijoustrasse 31<br>3011 Berne<\/strong><\/p>\n\n\n\n<p><strong>T\u00e9l\u00e9phone:<\/strong> <a href=\"tel:+41 21 310 06 66\">+41 21 310 06 66<\/a> (Lundi, mercredi, jeudi: 9h00 \u2013 11h30)<\/p>\n\n\n\n<p><strong>Fax:<\/strong> <a href=\"tel:+ 41 31 390 66 93\">+ 41 31 390 66 93<\/a><\/p>\n\n\n\n<p><strong>E-mail:&nbsp;<\/strong><a href=\"javascript:linkTo_UnCryptMailto('wksvdy4kblosdcvycoxukccoJcixnsmyw8mr');\"><\/a><a href=\"mailto:caissechomage@syndicom.ch\" type=\"mailto\" id=\"mailto:caissechomage@syndicom.ch\">caissechomage@syndicom.ch<\/a><\/p>\n\n\n\n<p><sup>Merci de ne pas envoyer les documents par e-mail. Nous prenons au s\u00e9rieux la protection de tes donn\u00e9es, faites de m\u00eame svp.<\/sup><\/p>\n\n\n\n<p><\/p>\n\n\n\n<h2 class=\"wp-block-heading\"><strong>Dates des guichets dans votre r\u00e9gion<\/strong><\/h2>\n\n\n\n<h3 class=\"wp-block-heading\"><strong>Lausanne<\/strong><\/h3>\n\n\n\n<p><strong>Adresse:<\/strong> Rue Pichard 7 (3e \u00e9tage), 1003 Lausanne<br><strong>Ouverture du guichet: <\/strong>Mardi: 9h00 \u2013 11h30 | Mercredi: 14h00 \u2013 16h00<\/p>\n\n\n\n<hr class=\"wp-block-separator has-alpha-channel-opacity is-style-wide\"\/>\n\n\n\n<h3 class=\"wp-block-heading\"><strong>Gen\u00e8ve<\/strong><\/h3>\n\n\n\n<p><strong>Adresse: <\/strong>Rue des Terreaux-du-Temple 6, 1201 Gen\u00e8ve<br><strong><strong>Ouverture du guichet:<\/strong><\/strong> <em>Les donn\u00e9es pour 2026 seront bient\u00f4t mises en ligne ici.<\/em><\/p>\n\n\n\n<hr class=\"wp-block-separator has-alpha-channel-opacity is-style-wide\"\/>\n\n\n\n<h3 class=\"wp-block-heading\"><\/h3>\n<\/div>\n<\/div>\n","protected":false},"excerpt":{"rendered":"<p>La caisse de ch\u00f4mage syndicom vous soutient avec plaisir et s&#8217;occupera volontiers et rapidement de vos demandes.<\/p>\n","protected":false},"author":3,"featured_media":0,"parent":0,"menu_order":0,"comment_status":"closed","ping_status":"closed","template":"","meta":{"_acf_changed":false,"inline_featured_image":false,"_coblocks_attr":"","_coblocks_dimensions":"","_coblocks_responsive_height":"","_coblocks_accordion_ie_support":"","footnotes":""},"categories":[],"class_list":["post-257","page","type-page","status-publish","hentry"],"acf":[],"yoast_head":"<!-- This site is optimized with the Yoast SEO plugin v27.3 - https:\/\/yoast.com\/product\/yoast-seo-wordpress\/ -->\n<title>Contact - ALK Syndicom<\/title>\n<meta name=\"description\" content=\"La caisse de ch\u00f4mage syndicom vous soutient avec plaisir et s&#039;occupera volontiers et rapidement de vos demandes.\" \/>\n<meta name=\"robots\" content=\"index, follow, max-snippet:-1, max-image-preview:large, max-video-preview:-1\" \/>\n<link rel=\"canonical\" href=\"https:\/\/alk.syndicom.ch\/de\/contact\/\" \/>\n<meta property=\"og:locale\" content=\"de_DE\" \/>\n<meta property=\"og:type\" content=\"article\" \/>\n<meta property=\"og:title\" content=\"Contact - ALK Syndicom\" \/>\n<meta property=\"og:description\" content=\"La caisse de ch\u00f4mage syndicom vous soutient avec plaisir et s&#039;occupera volontiers et rapidement de vos demandes.\" \/>\n<meta property=\"og:url\" content=\"https:\/\/alk.syndicom.ch\/contact\/\" \/>\n<meta property=\"og:site_name\" content=\"ALK Syndicom\" \/>\n<meta property=\"article:modified_time\" content=\"2026-04-22T13:10:52+00:00\" \/>\n<meta name=\"twitter:card\" content=\"summary_large_image\" \/>\n<meta name=\"twitter:label1\" content=\"Gesch\u00e4tzte Lesezeit\" \/>\n\t<meta name=\"twitter:data1\" content=\"1\u00a0Minute\" \/>\n<script type=\"application\/ld+json\" class=\"yoast-schema-graph\">{\"@context\":\"https:\\\/\\\/schema.org\",\"@graph\":[{\"@type\":\"WebPage\",\"@id\":\"https:\\\/\\\/alk.syndicom.ch\\\/contact\\\/\",\"url\":\"https:\\\/\\\/alk.syndicom.ch\\\/contact\\\/\",\"name\":\"Contact - ALK Syndicom\",\"isPartOf\":{\"@id\":\"https:\\\/\\\/alk.syndicom.ch\\\/de\\\/#website\"},\"datePublished\":\"2026-04-22T12:21:56+00:00\",\"dateModified\":\"2026-04-22T13:10:52+00:00\",\"description\":\"La caisse de ch\u00f4mage syndicom vous soutient avec plaisir et s'occupera volontiers et rapidement de vos demandes.\",\"breadcrumb\":{\"@id\":\"https:\\\/\\\/alk.syndicom.ch\\\/contact\\\/#breadcrumb\"},\"inLanguage\":\"de\",\"potentialAction\":[{\"@type\":\"ReadAction\",\"target\":[\"https:\\\/\\\/alk.syndicom.ch\\\/contact\\\/\"]}]},{\"@type\":\"BreadcrumbList\",\"@id\":\"https:\\\/\\\/alk.syndicom.ch\\\/contact\\\/#breadcrumb\",\"itemListElement\":[{\"@type\":\"ListItem\",\"position\":1,\"name\":\"Startseite\",\"item\":\"https:\\\/\\\/alk.syndicom.ch\\\/\"},{\"@type\":\"ListItem\",\"position\":2,\"name\":\"Contact\"}]},{\"@type\":\"WebSite\",\"@id\":\"https:\\\/\\\/alk.syndicom.ch\\\/de\\\/#website\",\"url\":\"https:\\\/\\\/alk.syndicom.ch\\\/de\\\/\",\"name\":\"ALK Syndicom\",\"description\":\"\",\"publisher\":{\"@id\":\"https:\\\/\\\/alk.syndicom.ch\\\/de\\\/#organization\"},\"potentialAction\":[{\"@type\":\"SearchAction\",\"target\":{\"@type\":\"EntryPoint\",\"urlTemplate\":\"https:\\\/\\\/alk.syndicom.ch\\\/de\\\/?s={search_term_string}\"},\"query-input\":{\"@type\":\"PropertyValueSpecification\",\"valueRequired\":true,\"valueName\":\"search_term_string\"}}],\"inLanguage\":\"de\"},{\"@type\":\"Organization\",\"@id\":\"https:\\\/\\\/alk.syndicom.ch\\\/de\\\/#organization\",\"name\":\"ALK Syndicom\",\"url\":\"https:\\\/\\\/alk.syndicom.ch\\\/de\\\/\",\"logo\":{\"@type\":\"ImageObject\",\"inLanguage\":\"de\",\"@id\":\"https:\\\/\\\/alk.syndicom.ch\\\/de\\\/#\\\/schema\\\/logo\\\/image\\\/\",\"url\":\"https:\\\/\\\/alk.syndicom.ch\\\/app\\\/uploads\\\/sites\\\/2\\\/2026\\\/04\\\/logo.svg\",\"contentUrl\":\"https:\\\/\\\/alk.syndicom.ch\\\/app\\\/uploads\\\/sites\\\/2\\\/2026\\\/04\\\/logo.svg\",\"width\":297,\"height\":51,\"caption\":\"ALK Syndicom\"},\"image\":{\"@id\":\"https:\\\/\\\/alk.syndicom.ch\\\/de\\\/#\\\/schema\\\/logo\\\/image\\\/\"}}]}<\/script>\n<!-- \/ Yoast SEO plugin. -->","yoast_head_json":{"title":"Contact - ALK Syndicom","description":"La caisse de ch\u00f4mage syndicom vous soutient avec plaisir et s'occupera volontiers et rapidement de vos demandes.","robots":{"index":"index","follow":"follow","max-snippet":"max-snippet:-1","max-image-preview":"max-image-preview:large","max-video-preview":"max-video-preview:-1"},"canonical":"https:\/\/alk.syndicom.ch\/de\/contact\/","og_locale":"de_DE","og_type":"article","og_title":"Contact - ALK Syndicom","og_description":"La caisse de ch\u00f4mage syndicom vous soutient avec plaisir et s'occupera volontiers et rapidement de vos demandes.","og_url":"https:\/\/alk.syndicom.ch\/contact\/","og_site_name":"ALK Syndicom","article_modified_time":"2026-04-22T13:10:52+00:00","twitter_card":"summary_large_image","twitter_misc":{"Gesch\u00e4tzte Lesezeit":"1\u00a0Minute"},"schema":{"@context":"https:\/\/schema.org","@graph":[{"@type":"WebPage","@id":"https:\/\/alk.syndicom.ch\/contact\/","url":"https:\/\/alk.syndicom.ch\/contact\/","name":"Contact - ALK Syndicom","isPartOf":{"@id":"https:\/\/alk.syndicom.ch\/de\/#website"},"datePublished":"2026-04-22T12:21:56+00:00","dateModified":"2026-04-22T13:10:52+00:00","description":"La caisse de ch\u00f4mage syndicom vous soutient avec plaisir et s'occupera volontiers et rapidement de vos demandes.","breadcrumb":{"@id":"https:\/\/alk.syndicom.ch\/contact\/#breadcrumb"},"inLanguage":"de","potentialAction":[{"@type":"ReadAction","target":["https:\/\/alk.syndicom.ch\/contact\/"]}]},{"@type":"BreadcrumbList","@id":"https:\/\/alk.syndicom.ch\/contact\/#breadcrumb","itemListElement":[{"@type":"ListItem","position":1,"name":"Startseite","item":"https:\/\/alk.syndicom.ch\/"},{"@type":"ListItem","position":2,"name":"Contact"}]},{"@type":"WebSite","@id":"https:\/\/alk.syndicom.ch\/de\/#website","url":"https:\/\/alk.syndicom.ch\/de\/","name":"ALK Syndicom","description":"","publisher":{"@id":"https:\/\/alk.syndicom.ch\/de\/#organization"},"potentialAction":[{"@type":"SearchAction","target":{"@type":"EntryPoint","urlTemplate":"https:\/\/alk.syndicom.ch\/de\/?s={search_term_string}"},"query-input":{"@type":"PropertyValueSpecification","valueRequired":true,"valueName":"search_term_string"}}],"inLanguage":"de"},{"@type":"Organization","@id":"https:\/\/alk.syndicom.ch\/de\/#organization","name":"ALK Syndicom","url":"https:\/\/alk.syndicom.ch\/de\/","logo":{"@type":"ImageObject","inLanguage":"de","@id":"https:\/\/alk.syndicom.ch\/de\/#\/schema\/logo\/image\/","url":"https:\/\/alk.syndicom.ch\/app\/uploads\/sites\/2\/2026\/04\/logo.svg","contentUrl":"https:\/\/alk.syndicom.ch\/app\/uploads\/sites\/2\/2026\/04\/logo.svg","width":297,"height":51,"caption":"ALK Syndicom"},"image":{"@id":"https:\/\/alk.syndicom.ch\/de\/#\/schema\/logo\/image\/"}}]}},"_links":{"self":[{"href":"https:\/\/alk.syndicom.ch\/de\/wp-json\/wp\/v2\/pages\/257","targetHints":{"allow":["GET"]}}],"collection":[{"href":"https:\/\/alk.syndicom.ch\/de\/wp-json\/wp\/v2\/pages"}],"about":[{"href":"https:\/\/alk.syndicom.ch\/de\/wp-json\/wp\/v2\/types\/page"}],"author":[{"embeddable":true,"href":"https:\/\/alk.syndicom.ch\/de\/wp-json\/wp\/v2\/users\/3"}],"replies":[{"embeddable":true,"href":"https:\/\/alk.syndicom.ch\/de\/wp-json\/wp\/v2\/comments?post=257"}],"version-history":[{"count":22,"href":"https:\/\/alk.syndicom.ch\/de\/wp-json\/wp\/v2\/pages\/257\/revisions"}],"predecessor-version":[{"id":308,"href":"https:\/\/alk.syndicom.ch\/de\/wp-json\/wp\/v2\/pages\/257\/revisions\/308"}],"wp:attachment":[{"href":"https:\/\/alk.syndicom.ch\/de\/wp-json\/wp\/v2\/media?parent=257"}],"wp:term":[{"taxonomy":"category","embeddable":true,"href":"https:\/\/alk.syndicom.ch\/de\/wp-json\/wp\/v2\/categories?post=257"}],"curies":[{"name":"wp","href":"https:\/\/api.w.org\/{rel}","templated":true}]}}